{"id":69284,"date":"2026-03-03T18:39:40","date_gmt":"2026-03-03T16:39:40","guid":{"rendered":"https:\/\/originaljeanshop.gr\/product\/kontomaniko-poukamiso-me-kerasia-compania-fantastica\/"},"modified":"2026-03-03T18:42:29","modified_gmt":"2026-03-03T16:42:29","slug":"kontomaniko-poukamiso-me-kerasia-compania-fantastica","status":"publish","type":"product","link":"https:\/\/originaljeanshop.gr\/en\/product\/kontomaniko-poukamiso-me-kerasia-compania-fantastica\/","title":{"rendered":"BURGUNDY PRINT SHIRT COMPANIA FANTASTICA"},"content":{"rendered":"<div>\n<div class=\"summary__title\">\n<h2 class=\"h4 accordion__title inline-richtext\">Origins and care<\/h2>\n<\/div>\n<\/div>\n<div id=\"ProductAccordion-collapsible-row-0-template--19439166783777__main\" class=\"accordion__content rte\">\n<p>COMPOSICI\u00d3N: 100% Cotton |<\/p>\n<p>CUIDADO: Lavar a m\u00e1quina en agua fr\u00eda, no usar blanqueador, no usar secadora, secar colgado a la sombra, planchado a la temperatura m\u00e1xima de la placa interior de 110\u00ba, lavar con colores similares |<\/p>\n<p>Forro: No<\/p>\n<\/div>\n","protected":false},"excerpt":{"rendered":"<p>100% cotton shirt with a cherry print.<\/p>\n<p>Lapel collar and slightly puffed short sleeves.<\/p>\n<p>Front button closure with white buttons.<\/p>\n<p>The model is 175 cm tall and wears size S.<\/p>\n","protected":false},"featured_media":69279,"comment_status":"open","ping_status":"closed","template":"","meta":[],"product_brand":[],"product_cat":[329,366,334,340],"product_tag":[],"class_list":{"0":"post-69284","1":"product","2":"type-product","3":"status-publish","4":"has-post-thumbnail","6":"product_cat-women","7":"product_cat-nees-afixeis-ginaikia-en","8":"product_cat-clothing-en","9":"product_cat-shirt-en","10":"pa_efarmogi-regular-en","11":"pa_size-s-en","12":"pa_size-m-en","13":"pa_size-l-en","14":"pa_size-xl-en","16":"first","17":"instock","18":"shipping-taxable","19":"purchasable","20":"product-type-variable"},"yoast_head":"<!-- This site is optimized with the Yoast SEO plugin v27.4 - https:\/\/yoast.com\/product\/yoast-seo-wordpress\/ -->\n<title>BURGUNDY PRINT SHIRT COMPANIA FANTASTICA | Original Jean Shop<\/title>\n<meta name=\"description\" content=\"BURGUNDY PRINT SHIRT COMPANIA FANTASTICA | Original Jean Shop. Items of ideal value &amp; price. Clothes, shoes, underwear, accessories. Ano Ilisia, Athens, 2107796516.\" \/>\n<meta name=\"robots\" content=\"index, follow, max-snippet:-1, max-image-preview:large, max-video-preview:-1\" \/>\n<link rel=\"canonical\" href=\"https:\/\/originaljeanshop.gr\/en\/product\/kontomaniko-poukamiso-me-kerasia-compania-fantastica\/\" \/>\n<meta property=\"og:locale\" content=\"en_US\" \/>\n<meta property=\"og:type\" content=\"article\" \/>\n<meta property=\"og:title\" content=\"BURGUNDY PRINT SHIRT COMPANIA FANTASTICA | Original Jean Shop\" \/>\n<meta property=\"og:description\" content=\"BURGUNDY PRINT SHIRT COMPANIA FANTASTICA | Original Jean Shop. Items of ideal value &amp; price. Clothes, shoes, underwear, accessories. Ano Ilisia, Athens, 2107796516.\" \/>\n<meta property=\"og:url\" content=\"https:\/\/originaljeanshop.gr\/en\/product\/kontomaniko-poukamiso-me-kerasia-compania-fantastica\/\" \/>\n<meta property=\"og:site_name\" content=\"Original Jean Shop\" \/>\n<meta property=\"article:modified_time\" content=\"2026-03-03T16:42:29+00:00\" \/>\n<meta property=\"og:image\" content=\"https:\/\/originaljeanshop.gr\/wp-content\/uploads\/2026\/03\/61C41022_05-scaled.jpg\" \/>\n\t<meta property=\"og:image:width\" content=\"1707\" \/>\n\t<meta property=\"og:image:height\" content=\"2560\" \/>\n\t<meta property=\"og:image:type\" content=\"image\/jpeg\" \/>\n<meta name=\"twitter:card\" content=\"summary_large_image\" \/>\n<meta name=\"twitter:label1\" content=\"Est. reading time\" \/>\n\t<meta name=\"twitter:data1\" content=\"1 minute\" \/>\n<script type=\"application\/ld+json\" class=\"yoast-schema-graph\">{\"@context\":\"https:\\\/\\\/schema.org\",\"@graph\":[{\"@type\":\"WebPage\",\"@id\":\"https:\\\/\\\/originaljeanshop.gr\\\/en\\\/product\\\/kontomaniko-poukamiso-me-kerasia-compania-fantastica\\\/\",\"url\":\"https:\\\/\\\/originaljeanshop.gr\\\/en\\\/product\\\/kontomaniko-poukamiso-me-kerasia-compania-fantastica\\\/\",\"name\":\"BURGUNDY PRINT SHIRT COMPANIA FANTASTICA | Original Jean Shop\",\"isPartOf\":{\"@id\":\"https:\\\/\\\/originaljeanshop.gr\\\/en\\\/#website\"},\"primaryImageOfPage\":{\"@id\":\"https:\\\/\\\/originaljeanshop.gr\\\/en\\\/product\\\/kontomaniko-poukamiso-me-kerasia-compania-fantastica\\\/#primaryimage\"},\"image\":{\"@id\":\"https:\\\/\\\/originaljeanshop.gr\\\/en\\\/product\\\/kontomaniko-poukamiso-me-kerasia-compania-fantastica\\\/#primaryimage\"},\"thumbnailUrl\":\"https:\\\/\\\/originaljeanshop.gr\\\/wp-content\\\/uploads\\\/2026\\\/03\\\/61C41022_05-scaled.jpg\",\"datePublished\":\"2026-03-03T16:39:40+00:00\",\"dateModified\":\"2026-03-03T16:42:29+00:00\",\"description\":\"BURGUNDY PRINT SHIRT COMPANIA FANTASTICA | Original Jean Shop. Items of ideal value & price. Clothes, shoes, underwear, accessories. Ano Ilisia, Athens, 2107796516.\",\"breadcrumb\":{\"@id\":\"https:\\\/\\\/originaljeanshop.gr\\\/en\\\/product\\\/kontomaniko-poukamiso-me-kerasia-compania-fantastica\\\/#breadcrumb\"},\"inLanguage\":\"en-US\",\"potentialAction\":[{\"@type\":\"ReadAction\",\"target\":[\"https:\\\/\\\/originaljeanshop.gr\\\/en\\\/product\\\/kontomaniko-poukamiso-me-kerasia-compania-fantastica\\\/\"]}]},{\"@type\":\"ImageObject\",\"inLanguage\":\"en-US\",\"@id\":\"https:\\\/\\\/originaljeanshop.gr\\\/en\\\/product\\\/kontomaniko-poukamiso-me-kerasia-compania-fantastica\\\/#primaryimage\",\"url\":\"https:\\\/\\\/originaljeanshop.gr\\\/wp-content\\\/uploads\\\/2026\\\/03\\\/61C41022_05-scaled.jpg\",\"contentUrl\":\"https:\\\/\\\/originaljeanshop.gr\\\/wp-content\\\/uploads\\\/2026\\\/03\\\/61C41022_05-scaled.jpg\",\"width\":1707,\"height\":2560,\"caption\":\"61C\\\/41022 gynaikeio kontomaniko poukamiso me kerasia compania fantastica\"},{\"@type\":\"BreadcrumbList\",\"@id\":\"https:\\\/\\\/originaljeanshop.gr\\\/en\\\/product\\\/kontomaniko-poukamiso-me-kerasia-compania-fantastica\\\/#breadcrumb\",\"itemListElement\":[{\"@type\":\"ListItem\",\"position\":1,\"name\":\"Home\",\"item\":\"https:\\\/\\\/originaljeanshop.gr\\\/en\\\/\"},{\"@type\":\"ListItem\",\"position\":2,\"name\":\"PRODUCTS\",\"item\":\"https:\\\/\\\/originaljeanshop.gr\\\/en\\\/shop-2\\\/\"},{\"@type\":\"ListItem\",\"position\":3,\"name\":\"BURGUNDY PRINT SHIRT COMPANIA FANTASTICA\"}]},{\"@type\":\"WebSite\",\"@id\":\"https:\\\/\\\/originaljeanshop.gr\\\/en\\\/#website\",\"url\":\"https:\\\/\\\/originaljeanshop.gr\\\/en\\\/\",\"name\":\"Original Jean Shop\",\"description\":\"Products of ideal price and quality\",\"publisher\":{\"@id\":\"https:\\\/\\\/originaljeanshop.gr\\\/en\\\/#organization\"},\"potentialAction\":[{\"@type\":\"SearchAction\",\"target\":{\"@type\":\"EntryPoint\",\"urlTemplate\":\"https:\\\/\\\/originaljeanshop.gr\\\/en\\\/?s={search_term_string}\"},\"query-input\":{\"@type\":\"PropertyValueSpecification\",\"valueRequired\":true,\"valueName\":\"search_term_string\"}}],\"inLanguage\":\"en-US\"},{\"@type\":\"Organization\",\"@id\":\"https:\\\/\\\/originaljeanshop.gr\\\/en\\\/#organization\",\"name\":\"Original Jean Shop. Items of ideal value & price.\",\"url\":\"https:\\\/\\\/originaljeanshop.gr\\\/en\\\/\",\"logo\":{\"@type\":\"ImageObject\",\"inLanguage\":\"en-US\",\"@id\":\"https:\\\/\\\/originaljeanshop.gr\\\/en\\\/#\\\/schema\\\/logo\\\/image\\\/\",\"url\":\"https:\\\/\\\/originaljeanshop.gr\\\/wp-content\\\/uploads\\\/2021\\\/11\\\/Original_logo-w330px.png\",\"contentUrl\":\"https:\\\/\\\/originaljeanshop.gr\\\/wp-content\\\/uploads\\\/2021\\\/11\\\/Original_logo-w330px.png\",\"width\":330,\"height\":158,\"caption\":\"Original Jean Shop. Items of ideal value & price.\"},\"image\":{\"@id\":\"https:\\\/\\\/originaljeanshop.gr\\\/en\\\/#\\\/schema\\\/logo\\\/image\\\/\"}}]}<\/script>\n<!-- \/ Yoast SEO plugin. -->","yoast_head_json":{"title":"BURGUNDY PRINT SHIRT COMPANIA FANTASTICA | Original Jean Shop","description":"BURGUNDY PRINT SHIRT COMPANIA FANTASTICA | Original Jean Shop. Items of ideal value & price. Clothes, shoes, underwear, accessories. Ano Ilisia, Athens, 2107796516.","robots":{"index":"index","follow":"follow","max-snippet":"max-snippet:-1","max-image-preview":"max-image-preview:large","max-video-preview":"max-video-preview:-1"},"canonical":"https:\/\/originaljeanshop.gr\/en\/product\/kontomaniko-poukamiso-me-kerasia-compania-fantastica\/","og_locale":"en_US","og_type":"article","og_title":"BURGUNDY PRINT SHIRT COMPANIA FANTASTICA | Original Jean Shop","og_description":"BURGUNDY PRINT SHIRT COMPANIA FANTASTICA | Original Jean Shop. Items of ideal value & price. Clothes, shoes, underwear, accessories. Ano Ilisia, Athens, 2107796516.","og_url":"https:\/\/originaljeanshop.gr\/en\/product\/kontomaniko-poukamiso-me-kerasia-compania-fantastica\/","og_site_name":"Original Jean Shop","article_modified_time":"2026-03-03T16:42:29+00:00","og_image":[{"width":1707,"height":2560,"url":"https:\/\/originaljeanshop.gr\/wp-content\/uploads\/2026\/03\/61C41022_05-scaled.jpg","type":"image\/jpeg"}],"twitter_card":"summary_large_image","twitter_misc":{"Est. reading time":"1 minute"},"schema":{"@context":"https:\/\/schema.org","@graph":[{"@type":"WebPage","@id":"https:\/\/originaljeanshop.gr\/en\/product\/kontomaniko-poukamiso-me-kerasia-compania-fantastica\/","url":"https:\/\/originaljeanshop.gr\/en\/product\/kontomaniko-poukamiso-me-kerasia-compania-fantastica\/","name":"BURGUNDY PRINT SHIRT COMPANIA FANTASTICA | Original Jean Shop","isPartOf":{"@id":"https:\/\/originaljeanshop.gr\/en\/#website"},"primaryImageOfPage":{"@id":"https:\/\/originaljeanshop.gr\/en\/product\/kontomaniko-poukamiso-me-kerasia-compania-fantastica\/#primaryimage"},"image":{"@id":"https:\/\/originaljeanshop.gr\/en\/product\/kontomaniko-poukamiso-me-kerasia-compania-fantastica\/#primaryimage"},"thumbnailUrl":"https:\/\/originaljeanshop.gr\/wp-content\/uploads\/2026\/03\/61C41022_05-scaled.jpg","datePublished":"2026-03-03T16:39:40+00:00","dateModified":"2026-03-03T16:42:29+00:00","description":"BURGUNDY PRINT SHIRT COMPANIA FANTASTICA | Original Jean Shop. Items of ideal value & price. Clothes, shoes, underwear, accessories. Ano Ilisia, Athens, 2107796516.","breadcrumb":{"@id":"https:\/\/originaljeanshop.gr\/en\/product\/kontomaniko-poukamiso-me-kerasia-compania-fantastica\/#breadcrumb"},"inLanguage":"en-US","potentialAction":[{"@type":"ReadAction","target":["https:\/\/originaljeanshop.gr\/en\/product\/kontomaniko-poukamiso-me-kerasia-compania-fantastica\/"]}]},{"@type":"ImageObject","inLanguage":"en-US","@id":"https:\/\/originaljeanshop.gr\/en\/product\/kontomaniko-poukamiso-me-kerasia-compania-fantastica\/#primaryimage","url":"https:\/\/originaljeanshop.gr\/wp-content\/uploads\/2026\/03\/61C41022_05-scaled.jpg","contentUrl":"https:\/\/originaljeanshop.gr\/wp-content\/uploads\/2026\/03\/61C41022_05-scaled.jpg","width":1707,"height":2560,"caption":"61C\/41022 gynaikeio kontomaniko poukamiso me kerasia compania fantastica"},{"@type":"BreadcrumbList","@id":"https:\/\/originaljeanshop.gr\/en\/product\/kontomaniko-poukamiso-me-kerasia-compania-fantastica\/#breadcrumb","itemListElement":[{"@type":"ListItem","position":1,"name":"Home","item":"https:\/\/originaljeanshop.gr\/en\/"},{"@type":"ListItem","position":2,"name":"PRODUCTS","item":"https:\/\/originaljeanshop.gr\/en\/shop-2\/"},{"@type":"ListItem","position":3,"name":"BURGUNDY PRINT SHIRT COMPANIA FANTASTICA"}]},{"@type":"WebSite","@id":"https:\/\/originaljeanshop.gr\/en\/#website","url":"https:\/\/originaljeanshop.gr\/en\/","name":"Original Jean Shop","description":"Products of ideal price and quality","publisher":{"@id":"https:\/\/originaljeanshop.gr\/en\/#organization"},"potentialAction":[{"@type":"SearchAction","target":{"@type":"EntryPoint","urlTemplate":"https:\/\/originaljeanshop.gr\/en\/?s={search_term_string}"},"query-input":{"@type":"PropertyValueSpecification","valueRequired":true,"valueName":"search_term_string"}}],"inLanguage":"en-US"},{"@type":"Organization","@id":"https:\/\/originaljeanshop.gr\/en\/#organization","name":"Original Jean Shop. Items of ideal value & price.","url":"https:\/\/originaljeanshop.gr\/en\/","logo":{"@type":"ImageObject","inLanguage":"en-US","@id":"https:\/\/originaljeanshop.gr\/en\/#\/schema\/logo\/image\/","url":"https:\/\/originaljeanshop.gr\/wp-content\/uploads\/2021\/11\/Original_logo-w330px.png","contentUrl":"https:\/\/originaljeanshop.gr\/wp-content\/uploads\/2021\/11\/Original_logo-w330px.png","width":330,"height":158,"caption":"Original Jean Shop. Items of ideal value & price."},"image":{"@id":"https:\/\/originaljeanshop.gr\/en\/#\/schema\/logo\/image\/"}}]}},"_links":{"self":[{"href":"https:\/\/originaljeanshop.gr\/en\/wp-json\/wp\/v2\/product\/69284","targetHints":{"allow":["GET"]}}],"collection":[{"href":"https:\/\/originaljeanshop.gr\/en\/wp-json\/wp\/v2\/product"}],"about":[{"href":"https:\/\/originaljeanshop.gr\/en\/wp-json\/wp\/v2\/types\/product"}],"replies":[{"embeddable":true,"href":"https:\/\/originaljeanshop.gr\/en\/wp-json\/wp\/v2\/comments?post=69284"}],"wp:featuredmedia":[{"embeddable":true,"href":"https:\/\/originaljeanshop.gr\/en\/wp-json\/wp\/v2\/media\/69279"}],"wp:attachment":[{"href":"https:\/\/originaljeanshop.gr\/en\/wp-json\/wp\/v2\/media?parent=69284"}],"wp:term":[{"taxonomy":"product_brand","embeddable":true,"href":"https:\/\/originaljeanshop.gr\/en\/wp-json\/wp\/v2\/product_brand?post=69284"},{"taxonomy":"product_cat","embeddable":true,"href":"https:\/\/originaljeanshop.gr\/en\/wp-json\/wp\/v2\/product_cat?post=69284"},{"taxonomy":"product_tag","embeddable":true,"href":"https:\/\/originaljeanshop.gr\/en\/wp-json\/wp\/v2\/product_tag?post=69284"}],"curies":[{"name":"wp","href":"https:\/\/api.w.org\/{rel}","templated":true}]}}